{"id":361,"date":"2021-12-10T16:40:37","date_gmt":"2021-12-10T16:40:37","guid":{"rendered":"https:\/\/asturarural.com\/FR\/?page_id=361"},"modified":"2021-12-29T22:12:46","modified_gmt":"2021-12-29T22:12:46","slug":"politique-en-matiere-de-cookies","status":"publish","type":"page","link":"https:\/\/asturarural.com\/FR\/politique-en-matiere-de-cookies\/","title":{"rendered":"Politique en mati\u00e8re de cookies"},"content":{"rendered":"<p>[et_pb_section fb_built=\u00bb1&#8243; _builder_version=\u00bb4.14.2&#8243; _module_preset=\u00bbdefault\u00bb custom_padding=\u00bb||9px|||\u00bb global_colors_info=\u00bb{}\u00bb][et_pb_row _builder_version=\u00bb4.14.2&#8243; _module_preset=\u00bbdefault\u00bb custom_margin=\u00bb|auto|-3px|auto||\u00bb global_colors_info=\u00bb{}\u00bb][et_pb_column type=\u00bb4_4&#8243; _builder_version=\u00bb4.14.2&#8243; _module_preset=\u00bbdefault\u00bb global_colors_info=\u00bb{}\u00bb][et_pb_text _builder_version=\u00bb4.14.4&#8243; _module_preset=\u00bbdefault\u00bb global_colors_info=\u00bb{}\u00bb]<\/p>\n<div class=\"et_pb_module et_pb_text et_pb_text_0  et_pb_text_align_left et_pb_bg_layout_light\">\n<div class=\"et_pb_text_inner\">\n<h1><strong>Politique en mati\u00e8re de cookies<\/strong><\/h1>\n<p>&nbsp;<\/p>\n<h3><strong>Que sont les cookies ?<\/strong><\/h3>\n<p>Les cookies et les technologies similaires sont de tr\u00e8s petits documents texte ou morceaux de code qui contiennent souvent un code d&#8217;identification unique. Lorsque vous visitez un site web ou utilisez une application mobile, un ordinateur demande \u00e0 votre ordinateur ou \u00e0 votre appareil mobile l&#8217;autorisation d&#8217;enregistrer ce fichier sur votre ordinateur ou votre appareil mobile et d&#8217;acc\u00e9der aux informations. Les informations recueillies par le biais des cookies et des technologies similaires peuvent inclure la date et l&#8217;heure de la visite et la mani\u00e8re dont vous utilisez un site web ou une application mobile en particulier.<\/p>\n<h3><strong>Pourquoi utilisons-nous des cookies ?<\/strong><\/h3>\n<p>Les cookies garantissent que, lors de votre visite dans notre boutique en ligne, vous restez connect\u00e9, que tous les articles restent stock\u00e9s dans votre panier, que vous pouvez faire vos achats en toute s\u00e9curit\u00e9 et que le site web continue de fonctionner sans probl\u00e8me. Les cookies nous permettent \u00e9galement de voir comment notre site web est utilis\u00e9 et comment nous pouvons l&#8217;am\u00e9liorer. En outre, en fonction de vos pr\u00e9f\u00e9rences, nos propres cookies peuvent \u00eatre utilis\u00e9s pour vous pr\u00e9senter des publicit\u00e9s cibl\u00e9es correspondant \u00e0 vos int\u00e9r\u00eats personnels.<\/p>\n<h3><strong>Quels types de cookies utilisons-nous ?<\/strong><\/h3>\n<p><strong><\/strong><\/p>\n<p><strong>Cookies n\u00e9cessaires<\/strong><\/p>\n<p>Ces cookies sont n\u00e9cessaires au bon fonctionnement du site web. Certaines des actions suivantes peuvent \u00eatre effectu\u00e9es \u00e0 l&#8217;aide de ces cookies : &#8211; Stockage d&#8217;articles dans un panier pour les achats en ligne &#8211; Enregistrement de vos pr\u00e9f\u00e9rences en mati\u00e8re de cookies pour ce site web &#8211; Enregistrement des pr\u00e9f\u00e9rences linguistiques &#8211; Connexion \u00e0 notre portail. Nous devons v\u00e9rifier si vous \u00eates connect\u00e9.<\/p>\n<h3><strong>Comment puis-je d\u00e9sactiver ou supprimer les cookies ?<\/strong><\/h3>\n<p>Vous pouvez refuser tous les cookies sauf ceux qui sont n\u00e9cessaires. Dans les param\u00e8tres de votre navigateur, vous pouvez modifier les param\u00e8tres pour vous assurer que les cookies sont bloqu\u00e9s. La plupart des navigateurs vous expliquent comment proc\u00e9der dans la \u00abfonction d&#8217;aide\u00bb. Cependant, si vous bloquez les cookies, vous risquez de ne pas pouvoir profiter de toutes les fonctionnalit\u00e9s techniques que notre site web a \u00e0 offrir et cela peut affecter n\u00e9gativement votre exp\u00e9rience utilisateur.<\/p>\n<p>&nbsp;<\/p>\n<h4><strong>Les cookies que nous utilisons sur notre site Web<\/strong><\/h4>\n<p>&nbsp;<\/p>\n<table width=\"1114\">\n<tbody>\n<tr>\n<td colspan=\"5\" width=\"1114\"><strong>N\u00e9cessaire<\/strong><\/td>\n<\/tr>\n<tr>\n<td><strong>Nom<\/strong><\/td>\n<td><strong>But<\/strong><\/td>\n<td><strong>Nom de domaine<\/strong><\/td>\n<td><strong>Expiration<\/strong><\/td>\n<td><strong>Fournisseur<\/strong><\/td>\n<\/tr>\n<tr>\n<td>cookiefirst-consentement<\/td>\n<td width=\"571\">Ce cookie enregistre vos pr\u00e9f\u00e9rences en mati\u00e8re de cookies pour ce site Web. Vous pouvez facilement les modifier ou retirer votre consentement.<\/td>\n<td width=\"121\">http:\/\/www.asturarural.com<\/td>\n<td width=\"97\">1 ann\u00e9e<\/td>\n<td width=\"85\">Cookie First<\/td>\n<\/tr>\n<tr>\n<td>cookiefirst-id<\/td>\n<td width=\"571\">Ce cookie contient votre identification unique afin que CookieFirst puisse identifier les visiteurs uniques de ce site Web.<\/td>\n<td width=\"121\">api.cookiefirst.com<\/td>\n<td width=\"97\">1 ann\u00e9e<\/td>\n<td width=\"85\">Cooie First<\/td>\n<\/tr>\n<\/tbody>\n<\/table>\n<\/div>\n<\/div>\n<div class=\"et_pb_module et_pb_code et_pb_code_0\">\n<div class=\"et_pb_code_inner\">\n<div>Ce tableau des cookies a \u00e9t\u00e9 cr\u00e9\u00e9 et mis \u00e0 jour par la<span>\u00a0<\/span><a href=\"https:\/\/cookiefirst.com\/\">plateforme de gestion du consentement CookieFirst<\/a>.<\/div>\n<\/div>\n<\/div>\n<p>[\/et_pb_text][\/et_pb_column][\/et_pb_row][\/et_pb_section]<\/p>\n","protected":false},"excerpt":{"rendered":"<p>Politique en mati\u00e8re de cookies &nbsp; Que sont les cookies ? Les cookies et les technologies similaires sont de tr\u00e8s petits documents texte ou morceaux de code qui contiennent souvent un code d&#8217;identification unique. Lorsque vous visitez un site web ou utilisez une application mobile, un ordinateur demande \u00e0 votre ordinateur ou \u00e0 votre appareil [&hellip;]<\/p>\n","protected":false},"author":1,"featured_media":0,"parent":0,"menu_order":0,"comment_status":"closed","ping_status":"closed","template":"","meta":{"_et_pb_use_builder":"on","_et_pb_old_content":"","_et_gb_content_width":"","footnotes":""},"class_list":["post-361","page","type-page","status-publish","hentry"],"_links":{"self":[{"href":"https:\/\/asturarural.com\/FR\/wp-json\/wp\/v2\/pages\/361","targetHints":{"allow":["GET"]}}],"collection":[{"href":"https:\/\/asturarural.com\/FR\/wp-json\/wp\/v2\/pages"}],"about":[{"href":"https:\/\/asturarural.com\/FR\/wp-json\/wp\/v2\/types\/page"}],"author":[{"embeddable":true,"href":"https:\/\/asturarural.com\/FR\/wp-json\/wp\/v2\/users\/1"}],"replies":[{"embeddable":true,"href":"https:\/\/asturarural.com\/FR\/wp-json\/wp\/v2\/comments?post=361"}],"version-history":[{"count":15,"href":"https:\/\/asturarural.com\/FR\/wp-json\/wp\/v2\/pages\/361\/revisions"}],"predecessor-version":[{"id":617,"href":"https:\/\/asturarural.com\/FR\/wp-json\/wp\/v2\/pages\/361\/revisions\/617"}],"wp:attachment":[{"href":"https:\/\/asturarural.com\/FR\/wp-json\/wp\/v2\/media?parent=361"}],"curies":[{"name":"wp","href":"https:\/\/api.w.org\/{rel}","templated":true}]}}