{"id":264,"date":"2021-12-07T16:53:29","date_gmt":"2021-12-07T16:53:29","guid":{"rendered":"https:\/\/asturarural.com\/FR\/?page_id=264"},"modified":"2024-11-01T11:04:26","modified_gmt":"2024-11-01T11:04:26","slug":"prix-et-localisation","status":"publish","type":"page","link":"https:\/\/asturarural.com\/FR\/prix-et-localisation\/","title":{"rendered":"Prix et localisation"},"content":{"rendered":"<p>[et_pb_section fb_built=\u00bb1&#8243; admin_label=\u00bbHeader Section\u00bb _builder_version=\u00bb4.16&#8243; background_color=\u00bb#FFFFFF\u00bb background_position=\u00bbtop_center\u00bb custom_padding=\u00bb0%|0px|0px|0px||\u00bb global_colors_info=\u00bb{}\u00bb][et_pb_row custom_padding_last_edited=\u00bboff|desktop\u00bb admin_label=\u00bbHeader Row\u00bb _builder_version=\u00bb4.16&#8243; background_size=\u00bbinitial\u00bb background_position=\u00bbtop_left\u00bb background_repeat=\u00bbrepeat\u00bb custom_margin=\u00bb|||\u00bb custom_padding=\u00bb|||\u00bb custom_padding_phone=\u00bb3vw|||\u00bb global_colors_info=\u00bb{}\u00bb][et_pb_column type=\u00bb4_4&#8243; _builder_version=\u00bb4.16&#8243; custom_padding=\u00bb|||\u00bb global_colors_info=\u00bb{}\u00bb custom_padding__hover=\u00bb|||\u00bb][et_pb_text admin_label=\u00bbHeading &#038; Subheading\u00bb _builder_version=\u00bb4.16&#8243; text_font=\u00bbMuli|600|||||||\u00bb text_font_size=\u00bb18px\u00bb text_line_height=\u00bb1.8em\u00bb header_font=\u00bb|700|||||||\u00bb header_font_size=\u00bb65px\u00bb header_line_height=\u00bb1.4em\u00bb header_2_font=\u00bb||||||||\u00bb text_orientation=\u00bbcenter\u00bb max_width=\u00bb800px\u00bb max_width_last_edited=\u00bboff|desktop\u00bb module_alignment=\u00bbcenter\u00bb custom_margin=\u00bb|||\u00bb custom_padding=\u00bb|||\u00bb custom_padding_last_edited=\u00bboff|desktop\u00bb animation_style=\u00bbfade\u00bb header_font_size_tablet=\u00bb\u00bb header_font_size_phone=\u00bb40px\u00bb header_font_size_last_edited=\u00bbon|phone\u00bb global_colors_info=\u00bb{}\u00bb]<\/p>\n<h1>Prix et localisation<\/h1>\n<p>[\/et_pb_text][\/et_pb_column][\/et_pb_row][et_pb_row column_structure=\u00bb1_2,1_2&#8243; use_custom_gutter=\u00bbon\u00bb gutter_width=\u00bb1&#8243; make_equal=\u00bbon\u00bb admin_label=\u00bbCase Study Row\u00bb _builder_version=\u00bb4.16&#8243; background_color=\u00bb#fffaf4&#8243; custom_padding=\u00bb||0px|||\u00bb animation_style=\u00bbslide\u00bb global_colors_info=\u00bb{}\u00bb][et_pb_column type=\u00bb1_2&#8243; _builder_version=\u00bb4.16&#8243; custom_padding=\u00bb|||\u00bb global_colors_info=\u00bb{}\u00bb custom_padding__hover=\u00bb|||\u00bb][et_pb_image src=\u00bbhttps:\/\/asturarural.com\/FR\/wp-content\/uploads\/2021\/12\/recepcion-4.jpg\u00bb title_text=\u00bbrecepcion (4)\u00bb align_tablet=\u00bbcenter\u00bb align_phone=\u00bbcenter\u00bb align_last_edited=\u00bbon|desktop\u00bb _builder_version=\u00bb4.16&#8243; height=\u00bb366px\u00bb custom_padding=\u00bb45px||25px|||\u00bb global_colors_info=\u00bb{}\u00bb][\/et_pb_image][\/et_pb_column][et_pb_column type=\u00bb1_2&#8243; _builder_version=\u00bb4.16&#8243; background_color=\u00bb#fffaf4&#8243; custom_padding=\u00bb60px|60px|60px|60px\u00bb global_colors_info=\u00bb{}\u00bb custom_padding__hover=\u00bb|||\u00bb][et_pb_cta title=\u00bbPrix\u00bb button_url=\u00bb#top\u00bb admin_label=\u00bbTitle Paragraph &#038; CTA Button\u00bb _builder_version=\u00bb4.24.3&#8243; header_level=\u00bbh3&#8243; header_font=\u00bbMuli|700|||||||\u00bb header_font_size=\u00bb26px\u00bb header_line_height=\u00bb1.4em\u00bb body_font=\u00bb|600|||||||\u00bb body_font_size=\u00bb16px\u00bb body_line_height=\u00bb1.8em\u00bb use_background_color=\u00bboff\u00bb custom_button=\u00bbon\u00bb button_text_size=\u00bb16px\u00bb button_text_color=\u00bb#ffffff\u00bb button_bg_color=\u00bb#f4583f\u00bb button_border_width=\u00bb10px\u00bb button_border_color=\u00bb#f4583f\u00bb button_border_radius=\u00bb0px\u00bb button_font=\u00bbMuli|700|||||||\u00bb button_use_icon=\u00bboff\u00bb text_orientation=\u00bbleft\u00bb background_layout=\u00bblight\u00bb custom_margin=\u00bb-59px|||||\u00bb custom_padding=\u00bb0px|||||\u00bb button_border_radius_hover=\u00bb0px\u00bb global_colors_info=\u00bb{}\u00bb button_text_size__hover_enabled=\u00bboff\u00bb button_one_text_size__hover_enabled=\u00bboff\u00bb button_two_text_size__hover_enabled=\u00bboff\u00bb button_text_color__hover_enabled=\u00bboff\u00bb button_one_text_color__hover_enabled=\u00bboff\u00bb button_two_text_color__hover_enabled=\u00bboff\u00bb button_border_width__hover_enabled=\u00bboff\u00bb button_one_border_width__hover_enabled=\u00bboff\u00bb button_two_border_width__hover_enabled=\u00bboff\u00bb button_border_color__hover_enabled=\u00bboff\u00bb button_one_border_color__hover_enabled=\u00bboff\u00bb button_two_border_color__hover_enabled=\u00bboff\u00bb button_border_radius__hover_enabled=\u00bbon\u00bb button_border_radius__hover=\u00bb0px\u00bb button_one_border_radius__hover_enabled=\u00bboff\u00bb button_two_border_radius__hover_enabled=\u00bboff\u00bb button_letter_spacing__hover_enabled=\u00bboff\u00bb button_one_letter_spacing__hover_enabled=\u00bboff\u00bb button_two_letter_spacing__hover_enabled=\u00bboff\u00bb button_bg_color__hover_enabled=\u00bboff\u00bb button_one_bg_color__hover_enabled=\u00bboff\u00bb button_two_bg_color__hover_enabled=\u00bboff\u00bb]<\/p>\n<p class=\"et_pb_module_header\">CHAMBRE TWIN (2 lits de 0,90 m) : 75\u20ac AVEC PETIT-D\u00c9JEUNER GRATUIT.<\/p>\n<p class=\"et_pb_module_header\">CHAMBRE DOUBLE (un lit de 1,35 m) : 75\u20ac AVEC PETIT-D\u00c9JEUNER GRATUIT.<\/p>\n<p class=\"et_pb_module_header\">CHAMBRE TWIN \u00c0 USAGE INDIVIDUEL : 60\u20ac AVEC PETIT-D\u00c9JEUNER GRATUIT.<\/p>\n<p class=\"et_pb_module_header\">LIT SUPPL\u00c9MENTAIRE : 25\u20ac.<br \/>LIT B\u00c9B\u00c9 : 15\u20ac.<\/p>\n<p class=\"et_pb_module_header\">\n<div>\n<p>Le petit-d\u00e9jeuner comprend un fruit ou un yaourt nature, du jus d&#8217;orange, du caf\u00e9\/infusion, du pain grill\u00e9 avec du beurre et de la confiture et un morceau de g\u00e9noise. D&#8217;autres produits sont offerts moyennant des frais suppl\u00e9mentaires.<\/p>\n<\/div>\n<p>[\/et_pb_cta][\/et_pb_column][\/et_pb_row][et_pb_row column_structure=\u00bb1_2,1_2&#8243; use_custom_gutter=\u00bbon\u00bb gutter_width=\u00bb1&#8243; make_equal=\u00bbon\u00bb admin_label=\u00bbCase Study Row\u00bb _builder_version=\u00bb4.24.3&#8243; animation_style=\u00bbslide\u00bb hover_enabled=\u00bb0&#8243; global_colors_info=\u00bb{}\u00bb sticky_enabled=\u00bb0&#8243;][et_pb_column type=\u00bb1_2&#8243; _builder_version=\u00bb4.16&#8243; background_color=\u00bb#ffffff\u00bb custom_padding=\u00bb60px|60px|60px|60px\u00bb global_colors_info=\u00bb{}\u00bb custom_padding__hover=\u00bb|||\u00bb][et_pb_cta title=\u00bbSituation\u00bb button_url=\u00bb#top\u00bb admin_label=\u00bbTitle Paragraph &#038; CTA Button\u00bb _builder_version=\u00bb4.16&#8243; header_level=\u00bbh3&#8243; header_font=\u00bbMuli|700|||||||\u00bb header_font_size=\u00bb26px\u00bb header_line_height=\u00bb1.4em\u00bb body_font=\u00bb|600|||||||\u00bb body_font_size=\u00bb16px\u00bb body_line_height=\u00bb1.8em\u00bb use_background_color=\u00bboff\u00bb custom_button=\u00bbon\u00bb button_text_size=\u00bb16px\u00bb button_text_color=\u00bb#ffffff\u00bb button_bg_color=\u00bb#f4583f\u00bb button_border_width=\u00bb10px\u00bb button_border_color=\u00bb#f4583f\u00bb button_border_radius=\u00bb0px\u00bb button_font=\u00bbMuli|700|||||||\u00bb button_use_icon=\u00bboff\u00bb text_orientation=\u00bbleft\u00bb background_layout=\u00bblight\u00bb custom_margin=\u00bb-52px|||||\u00bb custom_padding=\u00bb96px|||||\u00bb button_border_radius_hover=\u00bb0px\u00bb global_colors_info=\u00bb{}\u00bb button_text_size__hover_enabled=\u00bboff\u00bb button_one_text_size__hover_enabled=\u00bboff\u00bb button_two_text_size__hover_enabled=\u00bboff\u00bb button_text_color__hover_enabled=\u00bboff\u00bb button_one_text_color__hover_enabled=\u00bboff\u00bb button_two_text_color__hover_enabled=\u00bboff\u00bb button_border_width__hover_enabled=\u00bboff\u00bb button_one_border_width__hover_enabled=\u00bboff\u00bb button_two_border_width__hover_enabled=\u00bboff\u00bb button_border_color__hover_enabled=\u00bboff\u00bb button_one_border_color__hover_enabled=\u00bboff\u00bb button_two_border_color__hover_enabled=\u00bboff\u00bb button_border_radius__hover_enabled=\u00bbon\u00bb button_border_radius__hover=\u00bb0px\u00bb button_one_border_radius__hover_enabled=\u00bboff\u00bb button_two_border_radius__hover_enabled=\u00bboff\u00bb button_letter_spacing__hover_enabled=\u00bboff\u00bb button_one_letter_spacing__hover_enabled=\u00bboff\u00bb button_two_letter_spacing__hover_enabled=\u00bboff\u00bb button_bg_color__hover_enabled=\u00bboff\u00bb button_one_bg_color__hover_enabled=\u00bboff\u00bb button_two_bg_color__hover_enabled=\u00bboff\u00bb]<\/p>\n<p>L&#8217;h\u00f4tel Rural ASTURA est situ\u00e9 sur la place du village de Villacelama o\u00f9 vous pouvez vous garer sans probl\u00e8me et gratuitement.<\/p>\n<p>3 KM DE MANSILLA DE LAS MULAS (AUTOROUTE VALLADOLID-LE\u00d3N A-60)<\/p>\n<p>7 KM DE PALANQUINOS (AUTOROUTE A-231 LE\u00d3N-BURGOS).<\/p>\n<p>19 KM DE LA VILLE DE LE\u00d3N.<\/p>\n<p>[\/et_pb_cta][et_pb_code _builder_version=\u00bb4.24.3&#8243; _module_preset=\u00bbdefault\u00bb global_colors_info=\u00bb{}\u00bb][\/et_pb_code][\/et_pb_column][et_pb_column type=\u00bb1_2&#8243; _builder_version=\u00bb4.16&#8243; background_color=\u00bb#ffffff\u00bb custom_padding=\u00bb60px|60px|60px|60px\u00bb global_colors_info=\u00bb{}\u00bb custom_padding__hover=\u00bb|||\u00bb][et_pb_image src=\u00bbhttps:\/\/asturarural.com\/FR\/wp-content\/uploads\/2024\/11\/maps.jpg\u00bb _builder_version=\u00bb4.24.3&#8243; _module_preset=\u00bbdefault\u00bb alt=\u00bbAstura Rural\u00bb title_text=\u00bbAstura Rural\u00bb hover_enabled=\u00bb0&#8243; sticky_enabled=\u00bb0&#8243;][\/et_pb_image][\/et_pb_column][\/et_pb_row][\/et_pb_section]<\/p>\n","protected":false},"excerpt":{"rendered":"<p>Prix et localisationCHAMBRE TWIN (2 lits de 0,90 m) : 75\u20ac AVEC PETIT-D\u00c9JEUNER GRATUIT. CHAMBRE DOUBLE (un lit de 1,35 m) : 75\u20ac AVEC PETIT-D\u00c9JEUNER GRATUIT. CHAMBRE TWIN \u00c0 USAGE INDIVIDUEL : 60\u20ac AVEC PETIT-D\u00c9JEUNER GRATUIT. LIT SUPPL\u00c9MENTAIRE : 25\u20ac.LIT B\u00c9B\u00c9 : 15\u20ac. Le petit-d\u00e9jeuner comprend un fruit ou un yaourt nature, du jus d&#8217;orange, [&hellip;]<\/p>\n","protected":false},"author":1,"featured_media":0,"parent":0,"menu_order":0,"comment_status":"closed","ping_status":"closed","template":"","meta":{"_et_pb_use_builder":"on","_et_pb_old_content":"","_et_gb_content_width":"","footnotes":""},"class_list":["post-264","page","type-page","status-publish","hentry"],"_links":{"self":[{"href":"https:\/\/asturarural.com\/FR\/wp-json\/wp\/v2\/pages\/264","targetHints":{"allow":["GET"]}}],"collection":[{"href":"https:\/\/asturarural.com\/FR\/wp-json\/wp\/v2\/pages"}],"about":[{"href":"https:\/\/asturarural.com\/FR\/wp-json\/wp\/v2\/types\/page"}],"author":[{"embeddable":true,"href":"https:\/\/asturarural.com\/FR\/wp-json\/wp\/v2\/users\/1"}],"replies":[{"embeddable":true,"href":"https:\/\/asturarural.com\/FR\/wp-json\/wp\/v2\/comments?post=264"}],"version-history":[{"count":20,"href":"https:\/\/asturarural.com\/FR\/wp-json\/wp\/v2\/pages\/264\/revisions"}],"predecessor-version":[{"id":748,"href":"https:\/\/asturarural.com\/FR\/wp-json\/wp\/v2\/pages\/264\/revisions\/748"}],"wp:attachment":[{"href":"https:\/\/asturarural.com\/FR\/wp-json\/wp\/v2\/media?parent=264"}],"curies":[{"name":"wp","href":"https:\/\/api.w.org\/{rel}","templated":true}]}}