{"id":250,"date":"2021-12-07T16:32:50","date_gmt":"2021-12-07T16:32:50","guid":{"rendered":"https:\/\/asturarural.com\/FR\/?page_id=250"},"modified":"2021-12-26T09:50:51","modified_gmt":"2021-12-26T09:50:51","slug":"covid-19","status":"publish","type":"page","link":"https:\/\/asturarural.com\/FR\/covid-19\/","title":{"rendered":"COVID 19"},"content":{"rendered":"<p>[et_pb_section fb_built=\u00bb1&#8243; admin_label=\u00bbsection\u00bb _builder_version=\u00bb3.22&#8243; global_colors_info=\u00bb{}\u00bb][et_pb_row admin_label=\u00bbrow\u00bb _builder_version=\u00bb3.25&#8243; background_size=\u00bbinitial\u00bb background_position=\u00bbtop_left\u00bb background_repeat=\u00bbrepeat\u00bb hover_enabled=\u00bb0&#8243; global_colors_info=\u00bb{}\u00bb custom_padding=\u00bb||6px|||\u00bb sticky_enabled=\u00bb0&#8243;][et_pb_column type=\u00bb4_4&#8243; _builder_version=\u00bb3.25&#8243; custom_padding=\u00bb|||\u00bb global_colors_info=\u00bb{}\u00bb custom_padding__hover=\u00bb|||\u00bb][et_pb_text admin_label=\u00bbText\u00bb _builder_version=\u00bb4.14.4&#8243; background_size=\u00bbinitial\u00bb background_position=\u00bbtop_left\u00bb background_repeat=\u00bbrepeat\u00bb hover_enabled=\u00bb0&#8243; global_colors_info=\u00bb{}\u00bb sticky_enabled=\u00bb0&#8243;]<\/p>\n<h1><strong>Covid 19<\/strong><\/h1>\n<p><strong><\/strong><\/p>\n<p>En r\u00e9ponse au coronavirus (COVID-19), le refuge met actuellement en place des mesures de sant\u00e9 et de s\u00e9curit\u00e9 suppl\u00e9mentaires.<\/p>\n<p>Les services de restauration de cet h\u00e9bergement peuvent \u00eatre limit\u00e9s ou indisponibles en raison du coronavirus (COVID-19).<\/p>\n<p>En raison du coronavirus (COVID-19), ce logement prend des mesures pour assurer la s\u00e9curit\u00e9 des clients et du personnel. Pour cette raison, certains services et installations peuvent \u00eatre limit\u00e9s ou indisponibles.<\/p>\n<p>En raison du coronavirus (COVID-19), cet h\u00e9bergement a r\u00e9duit les heures d&#8217;ouverture de la r\u00e9ception et des autres services.<\/p>\n<p><!-- \/wp:paragraph --><\/p>\n<p>[\/et_pb_text][\/et_pb_column][\/et_pb_row][\/et_pb_section]<\/p>\n","protected":false},"excerpt":{"rendered":"<p>Covid 19 En r\u00e9ponse au coronavirus (COVID-19), le refuge met actuellement en place des mesures de sant\u00e9 et de s\u00e9curit\u00e9 suppl\u00e9mentaires. Les services de restauration de cet h\u00e9bergement peuvent \u00eatre limit\u00e9s ou indisponibles en raison du coronavirus (COVID-19). En raison du coronavirus (COVID-19), ce logement prend des mesures pour assurer la s\u00e9curit\u00e9 des clients et [&hellip;]<\/p>\n","protected":false},"author":1,"featured_media":0,"parent":0,"menu_order":0,"comment_status":"closed","ping_status":"closed","template":"","meta":{"_et_pb_use_builder":"on","_et_pb_old_content":"<!-- wp:paragraph -->\n<p>En respuesta al coronavirus (COVID-19), el alojamiento aplica medidas sanitarias y de seguridad adicionales en estos momentos.<\/p>\n<!-- \/wp:paragraph -->\n\n<!-- wp:paragraph -->\n<p>Los servicios de comida y bebida de este alojamiento pueden verse limitados o no estar disponibles a causa del coronavirus (COVID-19).<\/p>\n<!-- \/wp:paragraph -->\n\n<!-- wp:paragraph -->\n<p>A causa del coronavirus (COVID-19), este alojamiento est\u00e1 tomando medidas para garantizar la seguridad de los clientes y el personal. Por este motivo, algunos servicios e instalaciones pueden verse limitados o no estar disponibles.<\/p>\n<!-- \/wp:paragraph -->\n\n<!-- wp:paragraph -->\n<p>A causa del coronavirus (COVID-19), este alojamiento ha reducido el horario de recepci\u00f3n y otros servicios.<\/p>\n<!-- \/wp:paragraph -->\n\n<!-- wp:paragraph -->\n<p><\/p>\n<!-- \/wp:paragraph -->\n\n<!-- wp:paragraph -->\n<p><\/p>\n<!-- \/wp:paragraph -->","_et_gb_content_width":"1080","footnotes":""},"class_list":["post-250","page","type-page","status-publish","hentry"],"_links":{"self":[{"href":"https:\/\/asturarural.com\/FR\/wp-json\/wp\/v2\/pages\/250","targetHints":{"allow":["GET"]}}],"collection":[{"href":"https:\/\/asturarural.com\/FR\/wp-json\/wp\/v2\/pages"}],"about":[{"href":"https:\/\/asturarural.com\/FR\/wp-json\/wp\/v2\/types\/page"}],"author":[{"embeddable":true,"href":"https:\/\/asturarural.com\/FR\/wp-json\/wp\/v2\/users\/1"}],"replies":[{"embeddable":true,"href":"https:\/\/asturarural.com\/FR\/wp-json\/wp\/v2\/comments?post=250"}],"version-history":[{"count":5,"href":"https:\/\/asturarural.com\/FR\/wp-json\/wp\/v2\/pages\/250\/revisions"}],"predecessor-version":[{"id":559,"href":"https:\/\/asturarural.com\/FR\/wp-json\/wp\/v2\/pages\/250\/revisions\/559"}],"wp:attachment":[{"href":"https:\/\/asturarural.com\/FR\/wp-json\/wp\/v2\/media?parent=250"}],"curies":[{"name":"wp","href":"https:\/\/api.w.org\/{rel}","templated":true}]}}