{"id":244,"date":"2021-12-07T16:27:22","date_gmt":"2021-12-07T16:27:22","guid":{"rendered":"https:\/\/asturarural.com\/FR\/?page_id=244"},"modified":"2021-12-26T10:24:55","modified_gmt":"2021-12-26T10:24:55","slug":"politique-dannulation","status":"publish","type":"page","link":"https:\/\/asturarural.com\/FR\/politique-dannulation\/","title":{"rendered":"Politique d&#8217;annulation"},"content":{"rendered":"<p>[et_pb_section fb_built=\u00bb1&#8243; _builder_version=\u00bb3.22&#8243; global_colors_info=\u00bb{}\u00bb custom_padding=\u00bb||3px|||\u00bb][et_pb_row _builder_version=\u00bb3.25&#8243; background_size=\u00bbinitial\u00bb background_position=\u00bbtop_left\u00bb background_repeat=\u00bbrepeat\u00bb custom_padding=\u00bb||10px|||\u00bb global_colors_info=\u00bb{}\u00bb][et_pb_column type=\u00bb4_4&#8243; _builder_version=\u00bb3.25&#8243; custom_padding=\u00bb|||\u00bb global_colors_info=\u00bb{}\u00bb custom_padding__hover=\u00bb|||\u00bb][et_pb_text _builder_version=\u00bb4.14.4&#8243; background_size=\u00bbinitial\u00bb background_position=\u00bbtop_left\u00bb background_repeat=\u00bbrepeat\u00bb global_colors_info=\u00bb{}\u00bb]<\/p>\n<h1><strong>Politique d&#8217; Annulation<\/strong><\/h1>\n<p>&nbsp;<\/p>\n<p>Si vous devez annuler votre r\u00e9servation pour une raison quelconque, veuillez noter que les conditions suivantes s&#8217;appliquent :<\/p>\n<ul>\n<li>Si vous annulez votre r\u00e9servation PLUS D&#8217;UN MOIS \u00e0 l&#8217;avance, vous serez rembours\u00e9 du montant total de votre acompte, moins les frais bancaires.<\/li>\n<\/ul>\n<ul>\n<li>Si vous annulez votre r\u00e9servation MOINS D&#8217;UN MOIS \u00e0 l&#8217;avance, vous n&#8217;aurez droit \u00e0 aucun remboursement de votre acompte.<\/li>\n<\/ul>\n<ul>\n<li>Si l&#8217;annulation intervient pendant le s\u00e9jour ou avant la fin des jours r\u00e9serv\u00e9s, le montant total du s\u00e9jour contract\u00e9 vous sera factur\u00e9.<\/li>\n<\/ul>\n<ul>\n<li>Nous vous rappelons \u00e9galement que toutes les r\u00e9servations sont garanties jusqu&#8217;\u00e0 20h00 le jour de votre arriv\u00e9e. Si vous pensez pouvoir arriver \u00e0 l&#8217;\u00e9tablissement apr\u00e8s cette heure, n&#8217;oubliez pas de confirmer votre r\u00e9servation \u00e0 l&#8217;avance en appelant le +34 687 564 504.<\/li>\n<\/ul>\n<p><strong>Important<\/strong>: L&#8217;ignorance de cette politique ne vous dispense pas de vous y conformer. Voir les<span>\u00a0<\/span><a href=\"https:\/\/asturarural.com\/FR\/conditions-generales-de-vente-et-de-vente\/\"><em>conditions g\u00e9n\u00e9rales de contrat et de vente<\/em><span>\u00a0<\/span>.<\/a><\/p>\n<p><!-- \/divi:paragraph --><\/p>\n<p><!-- \/divi:paragraph --><\/p>\n<p><!-- \/divi:paragraph --><\/p>\n<p><!-- \/divi:paragraph --><\/p>\n<p><!-- \/divi:paragraph --><\/p>\n<p>[\/et_pb_text][\/et_pb_column][\/et_pb_row][\/et_pb_section]<\/p>\n","protected":false},"excerpt":{"rendered":"<p>Politique d&#8217; Annulation &nbsp; Si vous devez annuler votre r\u00e9servation pour une raison quelconque, veuillez noter que les conditions suivantes s&#8217;appliquent : Si vous annulez votre r\u00e9servation PLUS D&#8217;UN MOIS \u00e0 l&#8217;avance, vous serez rembours\u00e9 du montant total de votre acompte, moins les frais bancaires. Si vous annulez votre r\u00e9servation MOINS D&#8217;UN MOIS \u00e0 l&#8217;avance, [&hellip;]<\/p>\n","protected":false},"author":1,"featured_media":0,"parent":0,"menu_order":0,"comment_status":"closed","ping_status":"closed","template":"","meta":{"_et_pb_use_builder":"on","_et_pb_old_content":"<!-- wp:paragraph -->\n<p>En caso de que tuvieras que anular tu reserva por alguna raz\u00f3n, ten en cuenta que ser\u00e1n de aplicaci\u00f3n las siguientes condiciones:<\/p>\n<!-- \/wp:paragraph -->\n\n<!-- wp:list -->\n<ul><li>Si anulas tu reserva con M\u00c1S DE 1 MES de antelaci\u00f3n, te ser\u00e1 devuelto el total del dep\u00f3sito realizado, menos los gastos de gesti\u00f3n bancaria.<\/li><\/ul>\n<!-- \/wp:list -->\n\n<!-- wp:list -->\n<ul><li>Si anulas tu reserva con MENOS DE 1 MES de antelaci\u00f3n, no tendr\u00e1s derecho a devoluci\u00f3n alguna del dep\u00f3sito realizado.<\/li><\/ul>\n<!-- \/wp:list -->\n\n<!-- wp:list -->\n<ul><li>Si la anulaci\u00f3n se produjera durante la estancia o antes de terminar los d\u00edas reservados, se te cobrar\u00e1 el importe total de la estancia contratada.<\/li><\/ul>\n<!-- \/wp:list -->\n\n<!-- wp:list -->\n<ul><li>Adem\u00e1s te recordamos que todas las reservas est\u00e1n garantizadas hasta las 20:00 horas del d\u00eda de la fecha de tu entrada; si crees que puedes llegar al establecimiento despu\u00e9s de esa hora, no olvides confirmar tu reserva con antelaci\u00f3n en el n\u00famero de tel\u00e9fono +34 687 564 504<\/li><\/ul>\n<!-- \/wp:list -->\n\n<!-- wp:paragraph -->\n<p><strong>Importante<\/strong>: el desconocimiento de esta pol\u00edtica, no exime de su cumplimiento. Ver las <a href=\"https:\/\/asturarural.com\/FR\/condiciones-generales-de-contratacion-y-venta\/\" data-type=\"URL\" data-id=\"https:\/\/asturarural.com\/FR\/condiciones-generales-de-contratacion-y-venta\/\"><em>Condiciones Generales de Contrataci\u00f3n y Venta<\/em>. <\/a><\/p>\n<!-- \/wp:paragraph -->\n\n<!-- wp:paragraph -->\n<p><\/p>\n<!-- \/wp:paragraph -->\n\n<!-- wp:paragraph -->\n<p><\/p>\n<!-- \/wp:paragraph -->\n\n<!-- wp:paragraph -->\n<p><\/p>\n<!-- \/wp:paragraph -->\n\n<!-- wp:paragraph -->\n<p><\/p>\n<!-- \/wp:paragraph -->","_et_gb_content_width":"1080","footnotes":""},"class_list":["post-244","page","type-page","status-publish","hentry"],"_links":{"self":[{"href":"https:\/\/asturarural.com\/FR\/wp-json\/wp\/v2\/pages\/244","targetHints":{"allow":["GET"]}}],"collection":[{"href":"https:\/\/asturarural.com\/FR\/wp-json\/wp\/v2\/pages"}],"about":[{"href":"https:\/\/asturarural.com\/FR\/wp-json\/wp\/v2\/types\/page"}],"author":[{"embeddable":true,"href":"https:\/\/asturarural.com\/FR\/wp-json\/wp\/v2\/users\/1"}],"replies":[{"embeddable":true,"href":"https:\/\/asturarural.com\/FR\/wp-json\/wp\/v2\/comments?post=244"}],"version-history":[{"count":10,"href":"https:\/\/asturarural.com\/FR\/wp-json\/wp\/v2\/pages\/244\/revisions"}],"predecessor-version":[{"id":590,"href":"https:\/\/asturarural.com\/FR\/wp-json\/wp\/v2\/pages\/244\/revisions\/590"}],"wp:attachment":[{"href":"https:\/\/asturarural.com\/FR\/wp-json\/wp\/v2\/media?parent=244"}],"curies":[{"name":"wp","href":"https:\/\/api.w.org\/{rel}","templated":true}]}}