{"id":229,"date":"2021-12-07T15:59:36","date_gmt":"2021-12-07T15:59:36","guid":{"rendered":"https:\/\/asturarural.com\/FR\/?page_id=229"},"modified":"2021-12-26T10:27:38","modified_gmt":"2021-12-26T10:27:38","slug":"politique-de-confidentialite","status":"publish","type":"page","link":"https:\/\/asturarural.com\/FR\/politique-de-confidentialite\/","title":{"rendered":"Politique de Confidentialit\u00e9"},"content":{"rendered":"<p>[et_pb_section fb_built=\u00bb1&#8243; admin_label=\u00bbsection\u00bb _builder_version=\u00bb3.22&#8243; custom_padding=\u00bb||11px|||\u00bb global_colors_info=\u00bb{}\u00bb][et_pb_row admin_label=\u00bbrow\u00bb _builder_version=\u00bb3.25&#8243; background_size=\u00bbinitial\u00bb background_position=\u00bbtop_left\u00bb background_repeat=\u00bbrepeat\u00bb global_colors_info=\u00bb{}\u00bb][et_pb_column type=\u00bb4_4&#8243; _builder_version=\u00bb3.25&#8243; custom_padding=\u00bb|||\u00bb global_colors_info=\u00bb{}\u00bb custom_padding__hover=\u00bb|||\u00bb][et_pb_text admin_label=\u00bbText\u00bb _builder_version=\u00bb4.14.4&#8243; background_size=\u00bbinitial\u00bb background_position=\u00bbtop_left\u00bb background_repeat=\u00bbrepeat\u00bb hover_enabled=\u00bb0&#8243; global_colors_info=\u00bb{}\u00bb sticky_enabled=\u00bb0&#8243;]<\/p>\n<h1 class=\"entry-title main_title\"><strong>Politique de confidentialit\u00e9<\/strong><\/h1>\n<div class=\"entry-content\">\n<p><strong>Qui est responsable du traitement de vos donn\u00e9es ?<\/strong><\/p>\n<p>ANA BEL\u00c9N MORALA DELGADO (ci-apr\u00e8s d\u00e9nomm\u00e9 \u00abHOTEL RURAL ASTURA\u00bb), avec le NIF 10.895.410-B et l&#8217;adresse Plaza de la Iglesia, 6 (24217 Villacelama. Le\u00f3n). Courriel :<span>\u00a0<\/span><a href=\"mailto:info@asturarural.com\">info@asturarural.com<\/a><span>\u00a0<\/span>T\u00e9l\u00e9phone : +34 687 564 504<\/p>\n<p><strong>A quoi servent vos donn\u00e9es ?<\/strong><\/p>\n<p>L&#8217;HOTEL RURAL ASTURA traite les donn\u00e9es personnelles que vous lui fournissez aux fins suivantes :<\/p>\n<p>1.- Pour vous envoyer les informations demand\u00e9es sur nos services par tout moyen, y compris les moyens \u00e9lectroniques et les applications de messagerie instantan\u00e9e.<\/p>\n<p>2.- Traiter et g\u00e9rer les suggestions, plaintes et autres demandes que vous faites par le biais du formulaire correspondant ou par e-mail ou t\u00e9l\u00e9phone. Dans ce cas, il peut \u00eatre n\u00e9cessaire pour nous d&#8217;obtenir des informations de votre part, auquel cas nous vous demandons de nous les fournir volontairement et express\u00e9ment. Vous ne devez nous envoyer les donn\u00e9es que si vous \u00eates le propri\u00e9taire, ou de tiers, si vous \u00eates leur repr\u00e9sentant l\u00e9gal ou si vous avez obtenu leur consentement sans \u00e9quivoque.<\/p>\n<p>3.- Maintenance du site web.<\/p>\n<p>4.- Gestion des publications sur nos r\u00e9seaux sociaux, dans le cas o\u00f9 vous d\u00e9cidez de devenir un follower sur nos pages de r\u00e9seaux sociaux, ou si vous avez donn\u00e9 votre accord pour que vos donn\u00e9es y soient publi\u00e9es.<\/p>\n<p>5.- Notre site web est mesur\u00e9 par Google Analytics, une plateforme d&#8217;analyse web. Cet outil nous permet d&#8217;analyser les informations re\u00e7ues (par exemple, le nombre de visites re\u00e7ues et leur dur\u00e9e, le comportement sur la page, etc&#8230;) et, sur cette base, d&#8217;am\u00e9liorer votre exp\u00e9rience utilisateur.<\/p>\n<p>Pour plus d&#8217;informations sur les r\u00e8gles de confidentialit\u00e9 de Google Analytics, consultez le site<span>\u00a0<\/span><a href=\"http:\/\/www.google.com\/intl\/es_ALL\/privacypolicy.html\">http:\/\/www.google.com\/intl\/es_ALL\/privacypolicy.html<\/a>.<\/p>\n<p><strong>\u00c0 qui vos donn\u00e9es seront-elles communiqu\u00e9es ?<\/strong><\/p>\n<p>Vos donn\u00e9es peuvent \u00eatre transf\u00e9r\u00e9es aux entit\u00e9s strictement n\u00e9cessaires \u00e0 la gestion de la relation contractuelle et\/ou commerciale entretenue ou au respect d&#8217;une obligation l\u00e9gale. En outre, vos donn\u00e9es peuvent \u00eatre transf\u00e9r\u00e9es \u00e0 des processeurs de donn\u00e9es situ\u00e9s en dehors de l&#8217;UE.<\/p>\n<p><strong>Quels sont vos droits ?<\/strong><\/p>\n<p>Vous pouvez exercer vos droits d&#8217;acc\u00e8s, de rectification, d&#8217;effacement, de limitation ou d&#8217;opposition au traitement des donn\u00e9es et de portabilit\u00e9 des donn\u00e9es comme d\u00e9taill\u00e9 dans la section<a href=\"https:\/\/asturarural.com\/FR\/informations-complementaires\/\"> Informations compl\u00e9mentaires.<\/a><\/p>\n<p><strong>Vous souhaitez obtenir des informations suppl\u00e9mentaires sur notre politique de confidentialit\u00e9 ?<\/strong><\/p>\n<p>Vous pouvez consulter les informations compl\u00e9mentaires et d\u00e9taill\u00e9es sur la protection des donn\u00e9es dans <a href=\"https:\/\/asturarural.com\/FR\/informations-complementaires\/\">Informations compl\u00e9mentaires.<\/a><\/p>\n<\/div>\n<p><!-- \/wp:paragraph --><\/p>\n<p>[\/et_pb_text][\/et_pb_column][\/et_pb_row][\/et_pb_section]<\/p>\n","protected":false},"excerpt":{"rendered":"<p>Politique de confidentialit\u00e9 Qui est responsable du traitement de vos donn\u00e9es ? ANA BEL\u00c9N MORALA DELGADO (ci-apr\u00e8s d\u00e9nomm\u00e9 \u00abHOTEL RURAL ASTURA\u00bb), avec le NIF 10.895.410-B et l&#8217;adresse Plaza de la Iglesia, 6 (24217 Villacelama. Le\u00f3n). Courriel :\u00a0info@asturarural.com\u00a0T\u00e9l\u00e9phone : +34 687 564 504 A quoi servent vos donn\u00e9es ? L&#8217;HOTEL RURAL ASTURA traite les donn\u00e9es personnelles [&hellip;]<\/p>\n","protected":false},"author":1,"featured_media":0,"parent":0,"menu_order":0,"comment_status":"closed","ping_status":"closed","template":"","meta":{"_et_pb_use_builder":"on","_et_pb_old_content":"<!-- wp:paragraph -->\n<p><strong>\u00bfQui\u00e9n es el responsable del tratamiento de tus datos?<\/strong><\/p>\n<!-- \/wp:paragraph -->\n\n<!-- wp:paragraph -->\n<p>ANA BEL\u00c9N MORALA DELGADO (en adelante, HOTEL RURAL ASTURA), con NIF 10.895.410-B y direcci\u00f3n en Plaza de la Iglesia, 6 (24217 Villacelama. Le\u00f3n). Email: <a href=\"mailto:info@asturarural.com\">info@asturarural.com<\/a> Tel\u00e9fono: +34 687 564 504<\/p>\n<!-- \/wp:paragraph -->\n\n<!-- wp:paragraph -->\n<p><strong>\u00bfPara qu\u00e9 usamos tus datos?<\/strong><\/p>\n<!-- \/wp:paragraph -->\n\n<!-- wp:paragraph -->\n<p>HOTEL RURAL ASTURA trata los datos personales que nos facilitas con las finalidades de:<\/p>\n<!-- \/wp:paragraph -->\n\n<!-- wp:paragraph -->\n<p>1.- Enviarte la informaci\u00f3n solicitada sobre nuestros servicios empleando cualquier medio, incluidos los electr\u00f3nicos y aplicaciones de mensajer\u00eda instant\u00e1nea.<\/p>\n<!-- \/wp:paragraph -->\n\n<!-- wp:paragraph -->\n<p>2.- Atender y gestionar las sugerencias, reclamaciones y otras consultas que realices a trav\u00e9s del formulario correspondiente o bien mediante correo electr\u00f3nico o v\u00eda telef\u00f3nica. En este supuesto puede ser necesario que obtengamos informaci\u00f3n por tu parte, en tal caso, te solicitamos que nos la proporciones voluntariamente de forma expresa. \u00danicamente debes enviarnos los datos de eres el titular, o bien de terceros, si eres su representante legal o has obtenido su consentimiento inequ\u00edvoco.<\/p>\n<!-- \/wp:paragraph -->\n\n<!-- wp:paragraph -->\n<p>3.- Mantenimiento del sitio web.<\/p>\n<!-- \/wp:paragraph -->\n\n<!-- wp:paragraph -->\n<p>4.- Gesti\u00f3n de publicaciones en nuestras redes sociales, en el caso de que decidas hacerte seguidor en nuestras p\u00e1ginas de redes sociales, o bien hayas otorgado tu consentimiento para que se publiquen tus datos en las mismas.<\/p>\n<!-- \/wp:paragraph -->\n\n<!-- wp:paragraph -->\n<p>5.- Nuestra p\u00e1gina web est\u00e1 siendo medida con Google Analytics, como plataforma de anal\u00edtica web. Esta herramienta permite analizar la informaci\u00f3n recibida (ej., n\u00famero de visitas recibidas y su duraci\u00f3n, comportamiento en la p\u00e1gina, etc\u2026) y en base a ella mejorar tu experiencia como usuario.<\/p>\n<!-- \/wp:paragraph -->\n\n<!-- wp:paragraph -->\n<p>M\u00e1s informaci\u00f3n sobre la Pol\u00edtica de Privacidad de Google Analytics en <a href=\"http:\/\/www.google.com\/intl\/es_ALL\/privacypolicy.html\">http:\/\/www.google.com\/intl\/es_ALL\/privacypolicy.html<\/a><\/p>\n<!-- \/wp:paragraph -->\n\n<!-- wp:paragraph -->\n<p><strong>\u00bfA qui\u00e9n se comunicar\u00e1n tus datos?<\/strong><\/p>\n<!-- \/wp:paragraph -->\n\n<!-- wp:paragraph -->\n<p>Se podr\u00e1n ceder tus datos a aquellas entidades que sean estrictamente necesarias para la gesti\u00f3n de la relaci\u00f3n contractual y\/o negocial mantenida o para el cumplimiento de una obligaci\u00f3n legal. Adem\u00e1s, se podr\u00e1n ceder a encargados de tratamiento fuera de la UE.<\/p>\n<!-- \/wp:paragraph -->\n\n<!-- wp:paragraph -->\n<p><strong>\u00bfCu\u00e1les son tus derechos?<\/strong><\/p>\n<!-- \/wp:paragraph -->\n\n<!-- wp:paragraph -->\n<p>Podr\u00e1s ejercitar tus derechos de acceso, rectificaci\u00f3n, supresi\u00f3n, limitaci\u00f3n u oposici\u00f3n al tratamiento de datos y portabilidad de datos tal como se detalla en el apartado \u201c<a href=\"https:\/\/asturarural.com\/FR\/informacion-adicional\/\">Informaci\u00f3n Adicional<\/a>\u201d.<\/p>\n<!-- \/wp:paragraph -->\n\n<!-- wp:paragraph -->\n<p><strong>\u00bfDeseas obtener informaci\u00f3n adicional sobre nuestra Pol\u00edtica de Privacidad?<\/strong><\/p>\n<!-- \/wp:paragraph -->\n\n<!-- wp:paragraph -->\n<p>Puedes consultar la informaci\u00f3n adicional y detallada sobre Protecci\u00f3n de Datos en \u201c<a href=\"https:\/\/asturarural.com\/FR\/informacion-adicional\/\">Informaci\u00f3n Adicional<\/a>\u201d.<\/p>\n<!-- \/wp:paragraph -->\n\n<!-- wp:paragraph -->\n<p><\/p>\n<!-- \/wp:paragraph -->","_et_gb_content_width":"1080","footnotes":""},"class_list":["post-229","page","type-page","status-publish","hentry"],"_links":{"self":[{"href":"https:\/\/asturarural.com\/FR\/wp-json\/wp\/v2\/pages\/229","targetHints":{"allow":["GET"]}}],"collection":[{"href":"https:\/\/asturarural.com\/FR\/wp-json\/wp\/v2\/pages"}],"about":[{"href":"https:\/\/asturarural.com\/FR\/wp-json\/wp\/v2\/types\/page"}],"author":[{"embeddable":true,"href":"https:\/\/asturarural.com\/FR\/wp-json\/wp\/v2\/users\/1"}],"replies":[{"embeddable":true,"href":"https:\/\/asturarural.com\/FR\/wp-json\/wp\/v2\/comments?post=229"}],"version-history":[{"count":12,"href":"https:\/\/asturarural.com\/FR\/wp-json\/wp\/v2\/pages\/229\/revisions"}],"predecessor-version":[{"id":591,"href":"https:\/\/asturarural.com\/FR\/wp-json\/wp\/v2\/pages\/229\/revisions\/591"}],"wp:attachment":[{"href":"https:\/\/asturarural.com\/FR\/wp-json\/wp\/v2\/media?parent=229"}],"curies":[{"name":"wp","href":"https:\/\/api.w.org\/{rel}","templated":true}]}}