{"id":324,"date":"2021-12-08T17:43:21","date_gmt":"2021-12-08T17:43:21","guid":{"rendered":"https:\/\/asturarural.com\/EN\/?page_id=324"},"modified":"2021-12-26T17:59:19","modified_gmt":"2021-12-26T17:59:19","slug":"activities","status":"publish","type":"page","link":"https:\/\/asturarural.com\/EN\/activities\/","title":{"rendered":"Activities"},"content":{"rendered":"<p>[et_pb_section fb_built=\u00bb1&#8243; _builder_version=\u00bb4.14.2&#8243; _module_preset=\u00bbdefault\u00bb custom_padding=\u00bb41px||56px|||\u00bb global_colors_info=\u00bb{}\u00bb][et_pb_row _builder_version=\u00bb4.14.2&#8243; _module_preset=\u00bbdefault\u00bb custom_margin=\u00bb-30px|auto||auto||\u00bb custom_padding=\u00bb||1px|||\u00bb global_colors_info=\u00bb{}\u00bb][et_pb_column type=\u00bb4_4&#8243; _builder_version=\u00bb4.14.2&#8243; _module_preset=\u00bbdefault\u00bb global_colors_info=\u00bb{}\u00bb][et_pb_text _builder_version=\u00bb4.14.4&#8243; _module_preset=\u00bbdefault\u00bb header_font_size=\u00bb65px\u00bb global_colors_info=\u00bb{}\u00bb]<\/p>\n<h1 style=\"text-align: center;\"><strong>Activities<\/strong><\/h1>\n<p>[\/et_pb_text][et_pb_text _builder_version=\u00bb4.14.4&#8243; _module_preset=\u00bbdefault\u00bb text_font=\u00bb|600|||||||\u00bb header_font=\u00bb|600|||||||\u00bb custom_margin=\u00bb-39px|||||\u00bb custom_padding=\u00bb32px|||||\u00bb animation_style=\u00bbslide\u00bb hover_enabled=\u00bb0&#8243; global_colors_info=\u00bb{}\u00bb sticky_enabled=\u00bb0&#8243;]<\/p>\n<h1 class=\"et_pb_module_header\"><strong><\/strong><\/h1>\n<p><span style=\"text-decoration: underline;\"><strong>1 CAMINO DE SANTIAGO:<\/strong><\/span><br \/>At 3 km from our Hotel is Mansilla de las Mulas, stop on the Camino de Santiago Frances.<\/p>\n<p>A free transfer service is offered to people who are doing the Camino de Santiago. Upon request, you will be picked up by car in Mansilla de las Mulas and the next day you will be taken back to that town.<\/p>\n<p>&nbsp;<\/p>\n<p><span style=\"text-decoration: underline;\"><strong>2 POOLS OF VALENCIA DE DON JUAN:<\/strong><\/span><br \/>Just 25 km away are the famous pools of Valencia de Don Juan:<\/p>\n<p><a href=\"http:\/\/www.valenciadedonjuan.es\/areas\/piscinas-municipales\/piscinas-municipales-del-polideportivo\">http:\/\/www.valenciadedonjuan.es\/areas\/piscinas-municipales\/piscinas-municipales-del-polideportivo<\/a><\/p>\n<p>&nbsp;<\/p>\n<p><span style=\"text-decoration: underline;\">3 SPORTS:<\/span><br \/>IN THE VILLAGE AND SURROUNDINGS:<\/p>\n<p>Trekking<br \/>Hunting<br \/>Fishing<br \/>paddle<br \/>Beach volleyball<br \/>Indoor football<br \/>Frontenis<br \/>Bike and horse rides<br \/>Water activities (among which is being able to enjoy a fabulous bath in the Leonese waters).<\/p>\n<p>NEAR OUR HOTEL<br \/>Driving cars<br \/>Mountain sports (mountain biking, trail running, canyoning, trekking, climbing, mountaineering, skiing).<\/p>\n<p>&nbsp;<\/p>\n<p><span style=\"text-decoration: underline;\">4 VISITS TO PLACES OF GREAT CULTURAL INTEREST:<\/span><br \/>4.1.- Le\u00f3n, with all its monumental and cultural heritage (Holy Week).<\/p>\n<p>4.2.- Mansilla de las Mulas (medieval walled area and Provincial Ethnographic Museum).<\/p>\n<p>4.3.- The Ruins of the City of Lancia.<\/p>\n<p>4.4.- The route of the Monasteries:<\/p>\n<p>The Monastery of Santa Mar\u00eda de Sandoval,<br \/>The Parish Church of the Assumption of Villarm\u00fan,<br \/>The Monastery of Santa Olaja de Eslonza,<br \/>The Monastery of San Miguel de Escalada,<br \/>The Monastery of Santa Mar\u00eda de Gradefes,<br \/>The Church of Cubillas de Rueda,<br \/>The Church of Our Lady of the Assumption of Cifuentes de Rueda and<br \/>The Llamazares Lineage House in San Bartolom\u00e9 de Rueda.<\/p>\n<p>4.5.- Caves:<br \/>Valporquero Caves,<br \/>Caves of Llamazares.<\/p>\n<p>4.6.- Some of the municipalities of Tierra de Campos<br \/>Sahag\u00fan de Campos,<br \/>Valderas,<br \/>Valencia de Don Juan (castle),<br \/>Grajal de Campos.<\/p>\n<p>4.7.- The Maragater\u00eda Region:<br \/>Astorga,<br \/>Castrillo de los Polvazares,<br \/>Santiagomillas,<br \/>Santa Colomba de Somoza,<br \/>Val de San Lorenzo.<\/p>\n<p>4.8.- El Bierzo:<br \/>Ponferrada (Templar Castle),<br \/>Las M\u00e9dulas (World Heritage Site),<br \/>Villafranca del Bierzo,<br \/>The Monastery of Santa Mar\u00eda de Carracedelo,<br \/>The Valley of Silence (the church of Santiago de Pe\u00f1alba),<br \/>Molinaseca,<br \/>Los Ancares.<\/p>\n<p>4.9.- Picos de Europa National Park (Valles de Sajambre and Valde\u00f3n).<br \/>4.10.- The region of La Cabrera.<br \/>4.11.- The Hayedos de la Boyariza, San Guillermo, Orzonaga, Cabornera and Ci\u00f1era.<br \/>4.12.- The Babia Region, Biosphere Reserve.<br \/>4.13.- The Hoces de Vegacervera and the Hoces de Valdeteja.<br \/>4.14.- Ria\u00f1o and Mampodre Mountain Regional Park.<br \/>4.15.- Municipality of Cr\u00e9menes:<br \/>Lois, the Cathedral of the Mountain,<br \/>Argovejo, considered one of the most beautiful towns in Castilla y Le\u00f3n.<\/p>\n<p>&nbsp;<\/p>\n<p><span style=\"text-decoration: underline;\">5 GASTRONOMIC TOURISM:<\/span><br \/>The entire province of Le\u00f3n is rich, not only for its monuments and nature, but also for its gastronomy:<\/p>\n<p>Le\u00f3n: Humid Neighborhood and Romantic Neighborhood,<br \/>Valdevimbre Caves,<br \/>Valderas: famous, in addition to its rich monumental heritage, for its cuisine of cod,<br \/>Bierzo area: the botillo,<br \/>Castrillo de los Polvazares: the cooked maragato,<br \/>Vegacervera: beef jerky,<br \/>Coladilla: sausages and artisan dairy products,<br \/>Geras de Gord\u00f3n: artisan sausages<\/p>\n<p>GASTRONOMIC FESTIVALS<\/p>\n<p>In Leon:<br \/>The Leon product fair,<br \/>The cap fair.<\/p>\n<p>In Mansilla de las Mulas, the tomato fair.<\/p>\n<p>In Fresno de la Vega, the pepper fair.<\/p>\n<p>In Sahag\u00fan, the leek fair.<\/p>\n<p>In Carracedelo, the Bierzo pepper fair.<\/p>\n<p>In Santa Marina del Rey, the garlic fair.<\/p>\n<p>In La Ba\u00f1eza, the Alubiada.<\/p>\n<p>In Vegacervera, the goat jerky fair.<\/p>\n<p>In Villares de \u00d3rbigo, the fair of vegetables and legumes.<\/p>\n<p>&nbsp;<\/p>\n<p><span style=\"text-decoration: underline;\">6 WINE TOURISM:<\/span><br \/>The geographical area of \u200b\u200bthe Land of Le\u00f3n Wines includes the regions of Cea, Los Oteros and Valdevimbre. Most of these areas conserve underground cellars. The native variety of this area is called \u201cprieto weevil\u201d. You can enjoy this wine, among others, in the towns of Valdevimbre, Villama\u00f1\u00e1n, Valencia de Don Juan, Pajares de los Oteros.<\/p>\n<p>The Bierzo Wine Route extends through the Bierzo region. In El Bierzo, different types of high-quality grapes are produced, adapted to the characteristics of the soils. Those recognized by the Bierzo Wines Regulatory Council are Menc\u00eda, Garnacha Tintorera, Godello, Do\u00f1a Blanca, Palomino and Malvas\u00eda.<\/p>\n<p>&nbsp;<\/p>\n<p><span style=\"text-decoration: underline;\">7 FAUNA:<\/span><br \/>1.- BIRD WATCHING in the Arroyo de Arnado, Caboalles de Arriba, the Villameca Reservoir (Palaciosmil), the Laguna de las Verdes (Torre de Babia), the slopes of Teleno (Filiel), the Valdepolo lagoons, the forests Guzpe\u00f1a oak grove, Cea rebollares, Lomba oak groves, Santa Elena de Jamuz, Valporquero de Tor\u00edo, La Antigua.<\/p>\n<p>2.- ENJOY THE BERREA (the roar of the deer during their mating period) IN THE VALLEYS OF THE NORTHERN AREA OF THE PROVINCE OF LE\u00d3N.<\/p>\n<p>[\/et_pb_text][\/et_pb_column][\/et_pb_row][\/et_pb_section]<\/p>\n","protected":false},"excerpt":{"rendered":"<p>Activities 1 CAMINO DE SANTIAGO:At 3 km from our Hotel is Mansilla de las Mulas, stop on the Camino de Santiago Frances. A free transfer service is offered to people who are doing the Camino de Santiago. Upon request, you will be picked up by car in Mansilla de las Mulas and the next day [&hellip;]<\/p>\n","protected":false},"author":1,"featured_media":0,"parent":0,"menu_order":0,"comment_status":"closed","ping_status":"closed","template":"","meta":{"_et_pb_use_builder":"on","_et_pb_old_content":"","_et_gb_content_width":"","footnotes":""},"class_list":["post-324","page","type-page","status-publish","hentry"],"_links":{"self":[{"href":"https:\/\/asturarural.com\/EN\/wp-json\/wp\/v2\/pages\/324","targetHints":{"allow":["GET"]}}],"collection":[{"href":"https:\/\/asturarural.com\/EN\/wp-json\/wp\/v2\/pages"}],"about":[{"href":"https:\/\/asturarural.com\/EN\/wp-json\/wp\/v2\/types\/page"}],"author":[{"embeddable":true,"href":"https:\/\/asturarural.com\/EN\/wp-json\/wp\/v2\/users\/1"}],"replies":[{"embeddable":true,"href":"https:\/\/asturarural.com\/EN\/wp-json\/wp\/v2\/comments?post=324"}],"version-history":[{"count":18,"href":"https:\/\/asturarural.com\/EN\/wp-json\/wp\/v2\/pages\/324\/revisions"}],"predecessor-version":[{"id":619,"href":"https:\/\/asturarural.com\/EN\/wp-json\/wp\/v2\/pages\/324\/revisions\/619"}],"wp:attachment":[{"href":"https:\/\/asturarural.com\/EN\/wp-json\/wp\/v2\/media?parent=324"}],"curies":[{"name":"wp","href":"https:\/\/api.w.org\/{rel}","templated":true}]}}