{"id":244,"date":"2021-12-07T16:27:22","date_gmt":"2021-12-07T16:27:22","guid":{"rendered":"https:\/\/asturarural.com\/EN\/?page_id=244"},"modified":"2021-12-26T16:47:44","modified_gmt":"2021-12-26T16:47:44","slug":"cancellation-policy","status":"publish","type":"page","link":"https:\/\/asturarural.com\/EN\/cancellation-policy\/","title":{"rendered":"Cancellation Policy"},"content":{"rendered":"<p>[et_pb_section fb_built=\u00bb1&#8243; admin_label=\u00bbsection\u00bb _builder_version=\u00bb3.22&#8243; custom_padding=\u00bb||1px|||\u00bb global_colors_info=\u00bb{}\u00bb][et_pb_row admin_label=\u00bbrow\u00bb _builder_version=\u00bb3.25&#8243; background_size=\u00bbinitial\u00bb background_position=\u00bbtop_left\u00bb background_repeat=\u00bbrepeat\u00bb global_colors_info=\u00bb{}\u00bb][et_pb_column type=\u00bb4_4&#8243; _builder_version=\u00bb3.25&#8243; custom_padding=\u00bb|||\u00bb global_colors_info=\u00bb{}\u00bb custom_padding__hover=\u00bb|||\u00bb][et_pb_text admin_label=\u00bbText\u00bb _builder_version=\u00bb4.14.4&#8243; background_size=\u00bbinitial\u00bb background_position=\u00bbtop_left\u00bb background_repeat=\u00bbrepeat\u00bb hover_enabled=\u00bb0&#8243; global_colors_info=\u00bb{}\u00bb sticky_enabled=\u00bb0&#8243;]<\/p>\n<h1><strong>Cancellation Policy<\/strong><\/h1>\n<p><strong><\/strong><\/p>\n<p>If you need to cancel your reservation for any reason, please note that the following conditions apply:<\/p>\n<p>If you cancel your reservation MORE THAN ONE MONTH in advance, the full amount of your deposit will be refunded, less bank charges.<\/p>\n<p>If you cancel your reservation LESS THAN ONE MONTH in advance, you will not be entitled to any refund of your deposit.<\/p>\n<p>If the cancellation occurs during the stay or before the end of the reserved days, the total amount of the contracted stay will be charged.<\/p>\n<p>We also remind you that all reservations are guaranteed until 8:00 p.m. on the day of your arrival. If you think you can arrive at the property after this time, remember to confirm your reservation in advance by calling +34 687 564 504.<\/p>\n<p>Important: Ignoring this policy does not exempt you from complying with it. Consult the <a href=\"https:\/\/asturarural.com\/EN\/general-contracting-and-sale-conditions\/\">general contracting and sale conditions.<\/a><\/p>\n<p><!-- \/wp:paragraph --><\/p>\n<p>[\/et_pb_text][\/et_pb_column][\/et_pb_row][\/et_pb_section]<\/p>\n","protected":false},"excerpt":{"rendered":"<p>Cancellation Policy If you need to cancel your reservation for any reason, please note that the following conditions apply: If you cancel your reservation MORE THAN ONE MONTH in advance, the full amount of your deposit will be refunded, less bank charges. If you cancel your reservation LESS THAN ONE MONTH in advance, you will [&hellip;]<\/p>\n","protected":false},"author":1,"featured_media":0,"parent":0,"menu_order":0,"comment_status":"closed","ping_status":"closed","template":"","meta":{"_et_pb_use_builder":"on","_et_pb_old_content":"<!-- wp:paragraph -->\n<p>En caso de que tuvieras que anular tu reserva por alguna raz\u00f3n, ten en cuenta que ser\u00e1n de aplicaci\u00f3n las siguientes condiciones:<\/p>\n<!-- \/wp:paragraph -->\n\n<!-- wp:list -->\n<ul><li>Si anulas tu reserva con M\u00c1S DE 1 MES de antelaci\u00f3n, te ser\u00e1 devuelto el total del dep\u00f3sito realizado, menos los gastos de gesti\u00f3n bancaria.<\/li><\/ul>\n<!-- \/wp:list -->\n\n<!-- wp:list -->\n<ul><li>Si anulas tu reserva con MENOS DE 1 MES de antelaci\u00f3n, no tendr\u00e1s derecho a devoluci\u00f3n alguna del dep\u00f3sito realizado.<\/li><\/ul>\n<!-- \/wp:list -->\n\n<!-- wp:list -->\n<ul><li>Si la anulaci\u00f3n se produjera durante la estancia o antes de terminar los d\u00edas reservados, se te cobrar\u00e1 el importe total de la estancia contratada.<\/li><\/ul>\n<!-- \/wp:list -->\n\n<!-- wp:list -->\n<ul><li>Adem\u00e1s te recordamos que todas las reservas est\u00e1n garantizadas hasta las 20:00 horas del d\u00eda de la fecha de tu entrada; si crees que puedes llegar al establecimiento despu\u00e9s de esa hora, no olvides confirmar tu reserva con antelaci\u00f3n en el n\u00famero de tel\u00e9fono +34 687 564 504<\/li><\/ul>\n<!-- \/wp:list -->\n\n<!-- wp:paragraph -->\n<p><strong>Importante<\/strong>: el desconocimiento de esta pol\u00edtica, no exime de su cumplimiento. Ver las <a href=\"https:\/\/asturarural.com\/EN\/condiciones-generales-de-contratacion-y-venta\/\" data-type=\"URL\" data-id=\"https:\/\/asturarural.com\/EN\/condiciones-generales-de-contratacion-y-venta\/\"><em>Condiciones Generales de Contrataci\u00f3n y Venta<\/em>. <\/a><\/p>\n<!-- \/wp:paragraph -->\n\n<!-- wp:paragraph -->\n<p><\/p>\n<!-- \/wp:paragraph -->\n\n<!-- wp:paragraph -->\n<p><\/p>\n<!-- \/wp:paragraph -->\n\n<!-- wp:paragraph -->\n<p><\/p>\n<!-- \/wp:paragraph -->\n\n<!-- wp:paragraph -->\n<p><\/p>\n<!-- \/wp:paragraph -->","_et_gb_content_width":"1080","footnotes":""},"class_list":["post-244","page","type-page","status-publish","hentry"],"_links":{"self":[{"href":"https:\/\/asturarural.com\/EN\/wp-json\/wp\/v2\/pages\/244","targetHints":{"allow":["GET"]}}],"collection":[{"href":"https:\/\/asturarural.com\/EN\/wp-json\/wp\/v2\/pages"}],"about":[{"href":"https:\/\/asturarural.com\/EN\/wp-json\/wp\/v2\/types\/page"}],"author":[{"embeddable":true,"href":"https:\/\/asturarural.com\/EN\/wp-json\/wp\/v2\/users\/1"}],"replies":[{"embeddable":true,"href":"https:\/\/asturarural.com\/EN\/wp-json\/wp\/v2\/comments?post=244"}],"version-history":[{"count":15,"href":"https:\/\/asturarural.com\/EN\/wp-json\/wp\/v2\/pages\/244\/revisions"}],"predecessor-version":[{"id":590,"href":"https:\/\/asturarural.com\/EN\/wp-json\/wp\/v2\/pages\/244\/revisions\/590"}],"wp:attachment":[{"href":"https:\/\/asturarural.com\/EN\/wp-json\/wp\/v2\/media?parent=244"}],"curies":[{"name":"wp","href":"https:\/\/api.w.org\/{rel}","templated":true}]}}