{"id":241,"date":"2021-12-07T16:24:48","date_gmt":"2021-12-07T16:24:48","guid":{"rendered":"https:\/\/asturarural.com\/EN\/?page_id=241"},"modified":"2021-12-26T17:05:38","modified_gmt":"2021-12-26T17:05:38","slug":"general-contracting-and-sale-conditions","status":"publish","type":"page","link":"https:\/\/asturarural.com\/EN\/general-contracting-and-sale-conditions\/","title":{"rendered":"General contracting and sale conditions"},"content":{"rendered":"<p>[et_pb_section fb_built=\u00bb1&#8243; admin_label=\u00bbsection\u00bb _builder_version=\u00bb3.22&#8243; custom_padding=\u00bb||9px|||\u00bb global_colors_info=\u00bb{}\u00bb][et_pb_row admin_label=\u00bbrow\u00bb _builder_version=\u00bb3.25&#8243; background_size=\u00bbinitial\u00bb background_position=\u00bbtop_left\u00bb background_repeat=\u00bbrepeat\u00bb global_colors_info=\u00bb{}\u00bb][et_pb_column type=\u00bb4_4&#8243; _builder_version=\u00bb3.25&#8243; custom_padding=\u00bb|||\u00bb global_colors_info=\u00bb{}\u00bb custom_padding__hover=\u00bb|||\u00bb][et_pb_text admin_label=\u00bbText\u00bb _builder_version=\u00bb4.14.4&#8243; background_size=\u00bbinitial\u00bb background_position=\u00bbtop_left\u00bb background_repeat=\u00bbrepeat\u00bb hover_enabled=\u00bb0&#8243; global_colors_info=\u00bb{}\u00bb sticky_enabled=\u00bb0&#8243;]<\/p>\n<h1><strong>General contracting and sale conditions<\/strong><\/h1>\n<p><strong><\/strong><\/p>\n<p><strong>HOTEL RURAL ASTURA 2 stars<\/strong><\/p>\n<p>Church Square No. 6<\/p>\n<p>24217 Villacelama<\/p>\n<p>Lion. Spain<\/p>\n<p>Mobile +34 687 564 504<\/p>\n<p>Email: <a href=\"mailto:info@asturarural.com\">info@asturarural.com<\/a><\/p>\n<p>The Hotel Rural Astura is a 2-star rural tourism hotel in which the rental system is by rooms.<\/p>\n<p>Use of the Common Spaces (dining room, bathrooms, living room and garden): the rent of the rooms gives the right to use them, although this use will never be exclusive, even when all the rooms are rented.<\/p>\n<p>Maximum Room Capacity: this will be respected, and responsibilities may be required otherwise.<\/p>\n<p>Check-in hours: from 2:00 p.m. to 8:00 p.m. on the day of entry. If you think you can arrive at the establishment after 8:00 p.m., do not forget to notify us in advance by calling the phone number +34 687 564 504.<\/p>\n<p>Departure time: from 7:30 a.m. to 12:00 p.m. on the day of departure. Not leaving the room before that time could imply the charge of one more day of stay.<\/p>\n<p>Breakfast Hours: from 7:30 a.m. to 10:00 a.m.<\/p>\n<p>Meal hours: from 1:30 p.m. to 3:00 p.m.<\/p>\n<p>Dinner hours: from 7:00 p.m. to 9:00 p.m.<\/p>\n<p><strong>Prices:<\/strong><\/p>\n<p>Double room: 65 Euros<\/p>\n<p>Double room for single use: 55 Euros<\/p>\n<p>Double room with extra bed: 85 Euros<\/p>\n<p>Cot: 15 Euros<\/p>\n<p>All our prices are per night and include breakfast and VAT.<\/p>\n<p>The breakfast that is included in the room price consists of orange juice, coffee \/ tea, toast with butter and jam. More products are available for an additional fee.<\/p>\n<p>Advance Reservations: can be made through the telephone or email address that appears on this website.<\/p>\n<p>Confirmation of the Reservation: it will be done by some reliable means, preferably email. Otherwise, the reservation request will be understood as an \u00abavailability query\u00bb.<\/p>\n<p>Firmness of the Reservation: the reservation will acquire the condition of firm prior receipt by the accommodation of 50% of the total amount, by credit card, Bizum, transfer or deposit into a bank account that would be provided for this purpose. The payment of the deposit must be made within a maximum of 1 business day from the moment of receiving the reservation confirmation.<\/p>\n<p>Duration of the Reservation: the reservation will remain in force until 8:00 p.m. on the day scheduled for arrival, unless otherwise agreed with the accommodation. From that time on, the owner of the establishment will be able to use it for rent to other users.<\/p>\n<p>Cards Accepted in our Hotel: Mastercard and Visa.<\/p>\n<p>Parties: parties cannot be held at the Hotel.<\/p>\n<p>Noise-free hours: customers must minimize noise from 10:00 p.m. to 9:00 a.m.<\/p>\n<p>Companion Animals: they are not allowed inside the interior facilities.<\/p>\n<p>Smokers \/ Non-smokers: smoking is prohibited throughout the Hotel, although it is allowed in the garden area.<\/p>\n<p><!-- \/wp:paragraph --><\/p>\n<p>[\/et_pb_text][\/et_pb_column][\/et_pb_row][\/et_pb_section]<\/p>\n","protected":false},"excerpt":{"rendered":"<p>General contracting and sale conditions HOTEL RURAL ASTURA 2 stars Church Square No. 6 24217 Villacelama Lion. Spain Mobile +34 687 564 504 Email: info@asturarural.com The Hotel Rural Astura is a 2-star rural tourism hotel in which the rental system is by rooms. Use of the Common Spaces (dining room, bathrooms, living room and garden): [&hellip;]<\/p>\n","protected":false},"author":1,"featured_media":0,"parent":0,"menu_order":0,"comment_status":"closed","ping_status":"closed","template":"","meta":{"_et_pb_use_builder":"on","_et_pb_old_content":"<!-- wp:paragraph -->\n<p><strong>HOTEL RURAL ASTURA 2 estrellas<\/strong><\/p>\n<!-- \/wp:paragraph -->\n\n<!-- wp:paragraph -->\n<p>Plaza de la Iglesia n\u00ba 6<\/p>\n<!-- \/wp:paragraph -->\n\n<!-- wp:paragraph -->\n<p>24217 Villacelama<\/p>\n<!-- \/wp:paragraph -->\n\n<!-- wp:paragraph -->\n<p>Le\u00f3n. Espa\u00f1a<\/p>\n<!-- \/wp:paragraph -->\n\n<!-- wp:paragraph -->\n<p>M\u00f3vil +34 687 564 504<\/p>\n<!-- \/wp:paragraph -->\n\n<!-- wp:paragraph -->\n<p>Email: info@asturarural.com<\/p>\n<!-- \/wp:paragraph -->\n\n<!-- wp:paragraph -->\n<p>El Hotel Rural Astura es un hotel de turismo rural de 2 estrellas en el que el sistema de alquiler es por habitaciones.<\/p>\n<!-- \/wp:paragraph -->\n\n<!-- wp:paragraph -->\n<p>Utilizaci\u00f3n de los Espacios Comunes (comedor, ba\u00f1os, sal\u00f3n y jard\u00edn): el alquiler de las habitaciones da derecho a utilizarlos, si bien, esa utilizaci\u00f3n nunca lo ser\u00e1 en exclusiva, aun cuando se alquile la totalidad de las habitaciones.<\/p>\n<!-- \/wp:paragraph -->\n\n<!-- wp:paragraph -->\n<p>Capacidad M\u00e1xima de las Habitaciones: \u00e9sta ser\u00e1 respetada, pudiendo exigirse responsabilidades en caso contrario.<\/p>\n<!-- \/wp:paragraph -->\n\n<!-- wp:paragraph -->\n<p>Horario de Entrada: a partir de las 14:00 horas hasta las 20:00 horas del d\u00eda de entrada. Si Vd. cree que puede llegar al establecimiento despu\u00e9s de las 20:00 horas, no olvide avisarnos con antelaci\u00f3n llamando al n\u00famero de tel\u00e9fono +34 687 564 504.<\/p>\n<!-- \/wp:paragraph -->\n\n<!-- wp:paragraph -->\n<p>Horario de Salida: de 7:30 horas a 12:00 horas del d\u00eda de salida. No abandonar la habitaci\u00f3n antes de esa hora podr\u00eda implicar el cobro de un d\u00eda m\u00e1s de estancia.<\/p>\n<!-- \/wp:paragraph -->\n\n<!-- wp:paragraph -->\n<p>Horario de Desayunos: de 7:30 horas a 10:00 horas.<\/p>\n<!-- \/wp:paragraph -->\n\n<!-- wp:paragraph -->\n<p>Horario de Comidas: de 13:30 horas a 15:00 horas.<\/p>\n<!-- \/wp:paragraph -->\n\n<!-- wp:paragraph -->\n<p>Horario de Cenas: de 19:00 horas a 21:00 horas.<\/p>\n<!-- \/wp:paragraph -->\n\n<!-- wp:paragraph -->\n<p><strong>Precios:<\/strong><\/p>\n<!-- \/wp:paragraph -->\n\n<!-- wp:paragraph -->\n<p>Habitaci\u00f3n doble: 65 Euros<\/p>\n<!-- \/wp:paragraph -->\n\n<!-- wp:paragraph -->\n<p>Habitaci\u00f3n doble de uso individual: 55 Euros<\/p>\n<!-- \/wp:paragraph -->\n\n<!-- wp:paragraph -->\n<p>Habitaci\u00f3n doble con cama supletoria: 85 Euros<\/p>\n<!-- \/wp:paragraph -->\n\n<!-- wp:paragraph -->\n<p>Cuna: 15 Euros<\/p>\n<!-- \/wp:paragraph -->\n\n<!-- wp:paragraph -->\n<p>Todos nuestros precios son por noche e incluyen el desayuno e IVA.<\/p>\n<!-- \/wp:paragraph -->\n\n<!-- wp:paragraph -->\n<p>El desayuno que va incluido en el precio de la habitaci\u00f3n consta de zumo de naranja, caf\u00e9\/infusi\u00f3n, tostadas de pan con mantequilla y mermelada. Se ofrecen m\u00e1s productos por un suplemento.<\/p>\n<!-- \/wp:paragraph -->\n\n<!-- wp:paragraph -->\n<p>Reservas Por Anticipado: se puede hacer a trav\u00e9s del tel\u00e9fono o direcci\u00f3n de correo electr\u00f3nico que aparecen en \u00e9sta web.<\/p>\n<!-- \/wp:paragraph -->\n\n<!-- wp:paragraph -->\n<p>Confirmaci\u00f3n de la Reserva: se har\u00e1 por alg\u00fan medio fehaciente, preferentemente correo electr\u00f3nico. En caso contrario, se entender\u00e1 la solicitud de reserva como una \"consulta de disponibilidad\".<\/p>\n<!-- \/wp:paragraph -->\n\n<!-- wp:paragraph -->\n<p>Firmeza de la Reserva: la reserva adquirir\u00e1 la condici\u00f3n de firme previa recepci\u00f3n por parte del alojamiento del 50% del importe total, mediante tarjeta de cr\u00e9dito, Bizum, transferencia o ingreso en cuenta bancaria que se facilitar\u00eda a tal efecto. El pago del dep\u00f3sito ha de realizarse en un m\u00e1ximo de 1 d\u00eda h\u00e1bil contado desde el momento de recibir la confirmaci\u00f3n de la reserva .<\/p>\n<!-- \/wp:paragraph -->\n\n<!-- wp:paragraph -->\n<p>Duraci\u00f3n de la Reserva: la reserva se mantendr\u00e1 en vigor hasta las 20 horas del d\u00eda previsto para la llegada, salvo pacto de otro horario con el alojamiento. A partir de dicha hora el titular del establecimiento podr\u00e1 disponer del mismo para su alquiler a otros usuarios.<\/p>\n<!-- \/wp:paragraph -->\n\n<!-- wp:paragraph -->\n<p>Tarjetas Aceptadas en nuestro Hotel: Mastercard y Visa.<\/p>\n<!-- \/wp:paragraph -->\n\n<!-- wp:paragraph -->\n<p>Fiestas: no se pueden celebrar fiestas en el Hotel.<\/p>\n<!-- \/wp:paragraph -->\n\n<!-- wp:paragraph -->\n<p>Horario sin ruido: los clientes deben minimizar el ruido de 22:00 horas a 09:00 horas.<\/p>\n<!-- \/wp:paragraph -->\n\n<!-- wp:paragraph -->\n<p>Animales de Compa\u00f1\u00eda: no se admiten dentro de las instalaciones interiores.<\/p>\n<!-- \/wp:paragraph -->\n\n<!-- wp:paragraph -->\n<p>Fumadores \/ No Fumadores: est\u00e1 prohibido fumar en todo el Hotel, si bien, s\u00ed est\u00e1 permitido en la zona ajardinada.<\/p>\n<!-- \/wp:paragraph -->\n\n<!-- wp:paragraph -->\n<p><\/p>\n<!-- \/wp:paragraph -->\n\n<!-- wp:paragraph -->\n<p><\/p>\n<!-- \/wp:paragraph -->","_et_gb_content_width":"1080","footnotes":""},"class_list":["post-241","page","type-page","status-publish","hentry"],"_links":{"self":[{"href":"https:\/\/asturarural.com\/EN\/wp-json\/wp\/v2\/pages\/241","targetHints":{"allow":["GET"]}}],"collection":[{"href":"https:\/\/asturarural.com\/EN\/wp-json\/wp\/v2\/pages"}],"about":[{"href":"https:\/\/asturarural.com\/EN\/wp-json\/wp\/v2\/types\/page"}],"author":[{"embeddable":true,"href":"https:\/\/asturarural.com\/EN\/wp-json\/wp\/v2\/users\/1"}],"replies":[{"embeddable":true,"href":"https:\/\/asturarural.com\/EN\/wp-json\/wp\/v2\/comments?post=241"}],"version-history":[{"count":9,"href":"https:\/\/asturarural.com\/EN\/wp-json\/wp\/v2\/pages\/241\/revisions"}],"predecessor-version":[{"id":600,"href":"https:\/\/asturarural.com\/EN\/wp-json\/wp\/v2\/pages\/241\/revisions\/600"}],"wp:attachment":[{"href":"https:\/\/asturarural.com\/EN\/wp-json\/wp\/v2\/media?parent=241"}],"curies":[{"name":"wp","href":"https:\/\/api.w.org\/{rel}","templated":true}]}}